{"id":8,"date":"2013-08-28T11:16:14","date_gmt":"2013-08-28T11:16:14","guid":{"rendered":"http:\/\/pivnishopkolin.cz\/?page_id=8"},"modified":"2021-06-01T09:56:16","modified_gmt":"2021-06-01T09:56:16","slug":"page-1","status":"publish","type":"page","link":"http:\/\/pivnishopkolin.cz\/","title":{"rendered":"Hlavn\u00ed str\u00e1nka"},"content":{"rendered":"<p style=\"text-align: center;\"><img loading=\"lazy\" decoding=\"async\" class=\"aligncenter wp-image-5 size-full\" src=\"http:\/\/pivnishopkolin.cz\/wp-content\/uploads\/2013\/08\/logo_hlavni.png\" alt=\"\" width=\"200\" height=\"48\" \/><\/p>\n<hr \/>\n<h3 style=\"text-align: center;\"><strong>O n\u00e1s<\/strong><\/h3>\n<p style=\"text-align: center;\">A\u0165 u\u017e chcete nato\u010dit pivo do <strong>PET lahve<\/strong>, odn\u00e9st si <strong>lahvov\u00e9 pivo<\/strong>, nebo rad\u011bji holdujete konzumaci <strong>sudov\u00e9ho piva<\/strong>, na\u0161e pivo bude v\u017edy dokonal\u00e9. Vedle piva nab\u00edz\u00edme celou \u0159adu dopl\u0148kov\u00e9ho sortimentu \u2013 <strong>\u017eertovn\u00e9 p\u0159edm\u011bty, zna\u010dkov\u00e1 tri\u010dka p\u0159\u00edmo od pivovaru a kvalitn\u00ed v\u00edno R\u00e9va Rakvice. Pokud si u n\u00e1s objedn\u00e1te v\u00edce ne\u017e 3 sudy piva, pohodln\u011b v\u00e1m va\u0161i objedn\u00e1vku dovezeme na\u0161\u00edm autem.<br \/>\n<\/strong><\/p>\n<p style=\"text-align: center;\"><iframe loading=\"lazy\" style=\"border: none;\" src=\"https:\/\/frame.mapy.cz\/s\/fehumurage\" width=\"700\" height=\"466\" frameborder=\"0\"><\/iframe><\/p>\n<h3 style=\"text-align: center;\"><strong>Kde n\u00e1s najdete<br \/>\n<\/strong><\/h3>\n<hr \/>\n<p style=\"text-align: center;\"><iframe loading=\"lazy\" style=\"border: none;\" src=\"https:\/\/frame.mapy.cz\/s\/rasozupegu\" width=\"700\" height=\"466\" frameborder=\"0\"><\/iframe><\/p>\n<h3 style=\"text-align: center;\"><strong>Cen\u00edk<br \/>\n<\/strong><\/h3>\n<hr \/>\n<h3 style=\"text-align: center;\"><a href=\"http:\/\/pivnishopkolin.cz\/wp-content\/uploads\/2021\/02\/imageedit_3_5444357581.png\" data-rel=\"lightbox-image-0\" data-rl_title=\"\" data-rl_caption=\"\" title=\"\"><br \/>\n<img loading=\"lazy\" decoding=\"async\" class=\"size-full wp-image-534 aligncenter\" src=\"http:\/\/pivnishopkolin.cz\/wp-content\/uploads\/2021\/02\/imageedit_3_5444357581.png\" alt=\"\" width=\"742\" height=\"406\" srcset=\"http:\/\/pivnishopkolin.cz\/wp-content\/uploads\/2021\/02\/imageedit_3_5444357581.png 742w, http:\/\/pivnishopkolin.cz\/wp-content\/uploads\/2021\/02\/imageedit_3_5444357581-300x164.png 300w\" sizes=\"auto, (max-width: 742px) 100vw, 742px\" \/><\/a><a href=\"http:\/\/pivnishopkolin.cz\/wp-content\/uploads\/2021\/02\/imageedit_7_9160075779.png\" data-rel=\"lightbox-image-1\" data-rl_title=\"\" data-rl_caption=\"\" title=\"\"><img loading=\"lazy\" decoding=\"async\" class=\"aligncenter size-full wp-image-543\" src=\"http:\/\/pivnishopkolin.cz\/wp-content\/uploads\/2021\/02\/imageedit_7_9160075779.png\" alt=\"\" width=\"642\" height=\"322\" srcset=\"http:\/\/pivnishopkolin.cz\/wp-content\/uploads\/2021\/02\/imageedit_7_9160075779.png 642w, http:\/\/pivnishopkolin.cz\/wp-content\/uploads\/2021\/02\/imageedit_7_9160075779-300x150.png 300w\" sizes=\"auto, (max-width: 642px) 100vw, 642px\" \/><\/a><a href=\"http:\/\/pivnishopkolin.cz\/wp-content\/uploads\/2021\/02\/imageedit_9_2805300652.png\" data-rel=\"lightbox-image-2\" data-rl_title=\"\" data-rl_caption=\"\" title=\"\"><img loading=\"lazy\" decoding=\"async\" class=\"aligncenter size-full wp-image-544\" src=\"http:\/\/pivnishopkolin.cz\/wp-content\/uploads\/2021\/02\/imageedit_9_2805300652.png\" alt=\"\" width=\"655\" height=\"555\" srcset=\"http:\/\/pivnishopkolin.cz\/wp-content\/uploads\/2021\/02\/imageedit_9_2805300652.png 655w, http:\/\/pivnishopkolin.cz\/wp-content\/uploads\/2021\/02\/imageedit_9_2805300652-300x254.png 300w\" sizes=\"auto, (max-width: 655px) 100vw, 655px\" \/><\/a><\/h3>\n<p><a href=\"http:\/\/pivnishopkolin.cz\/wp-content\/uploads\/2021\/02\/imageedit_11_3921793234.png\" data-rel=\"lightbox-image-3\" data-rl_title=\"\" data-rl_caption=\"\" title=\"\"><img loading=\"lazy\" decoding=\"async\" class=\"aligncenter size-full wp-image-545\" src=\"http:\/\/pivnishopkolin.cz\/wp-content\/uploads\/2021\/02\/imageedit_11_3921793234.png\" alt=\"\" width=\"768\" height=\"561\" srcset=\"http:\/\/pivnishopkolin.cz\/wp-content\/uploads\/2021\/02\/imageedit_11_3921793234.png 768w, http:\/\/pivnishopkolin.cz\/wp-content\/uploads\/2021\/02\/imageedit_11_3921793234-300x219.png 300w\" sizes=\"auto, (max-width: 768px) 100vw, 768px\" \/><\/a><a href=\"http:\/\/pivnishopkolin.cz\/wp-content\/uploads\/2021\/06\/svijany.png\" data-rel=\"lightbox-image-4\" data-rl_title=\"\" data-rl_caption=\"\" title=\"\"><img loading=\"lazy\" decoding=\"async\" class=\"aligncenter size-large wp-image-587\" src=\"http:\/\/pivnishopkolin.cz\/wp-content\/uploads\/2021\/06\/svijany-1024x911.png\" alt=\"\" width=\"750\" height=\"667\" srcset=\"http:\/\/pivnishopkolin.cz\/wp-content\/uploads\/2021\/06\/svijany-1024x911.png 1024w, http:\/\/pivnishopkolin.cz\/wp-content\/uploads\/2021\/06\/svijany-300x267.png 300w, http:\/\/pivnishopkolin.cz\/wp-content\/uploads\/2021\/06\/svijany-768x683.png 768w, http:\/\/pivnishopkolin.cz\/wp-content\/uploads\/2021\/06\/svijany.png 1066w\" sizes=\"auto, (max-width: 750px) 100vw, 750px\" \/><\/a><a href=\"http:\/\/pivnishopkolin.cz\/wp-content\/uploads\/2021\/06\/hubertus.png\" data-rel=\"lightbox-image-5\" data-rl_title=\"\" data-rl_caption=\"\" title=\"\"><img loading=\"lazy\" decoding=\"async\" class=\"aligncenter size-full wp-image-588\" src=\"http:\/\/pivnishopkolin.cz\/wp-content\/uploads\/2021\/06\/hubertus.png\" alt=\"\" width=\"960\" height=\"495\" srcset=\"http:\/\/pivnishopkolin.cz\/wp-content\/uploads\/2021\/06\/hubertus.png 960w, http:\/\/pivnishopkolin.cz\/wp-content\/uploads\/2021\/06\/hubertus-300x155.png 300w, http:\/\/pivnishopkolin.cz\/wp-content\/uploads\/2021\/06\/hubertus-768x396.png 768w\" sizes=\"auto, (max-width: 960px) 100vw, 960px\" \/><\/a><\/p>\n<h3 style=\"text-align: center;\"><strong>Otev\u00edrac\u00ed doba<br \/>\n<\/strong><\/h3>\n<hr \/>\n<p style=\"text-align: center;\"><div class=\"op-overview-shortcode\">\n<table class=\"op-table op-table-overview\">\n  \n    <tr class=\"op-row op-row-day \">\n    <th class=\"op-cell op-cell-heading\" scope=\"row\">Pond\u011bl\u00ed<\/th>\n    <td class=\"op-cell op-cell-periods\"><span class=\"op-period-time \">9:00 - 16:00<\/span><\/td>\n  <\/tr>\n    <tr class=\"op-row op-row-day \">\n    <th class=\"op-cell op-cell-heading\" scope=\"row\">\u00dater\u00fd<\/th>\n    <td class=\"op-cell op-cell-periods\"><span class=\"op-period-time \">9:00 - 16:00<\/span><\/td>\n  <\/tr>\n    <tr class=\"op-row op-row-day \">\n    <th class=\"op-cell op-cell-heading\" scope=\"row\">St\u0159eda<\/th>\n    <td class=\"op-cell op-cell-periods\"><span class=\"op-period-time \">9:00 - 16:00<\/span><\/td>\n  <\/tr>\n    <tr class=\"op-row op-row-day \">\n    <th class=\"op-cell op-cell-heading\" scope=\"row\">\u010ctvrtek<\/th>\n    <td class=\"op-cell op-cell-periods\"><span class=\"op-period-time \">9:00 - 16:00<\/span><\/td>\n  <\/tr>\n    <tr class=\"op-row op-row-day \">\n    <th class=\"op-cell op-cell-heading\" scope=\"row\">P\u00e1tek<\/th>\n    <td class=\"op-cell op-cell-periods\"><span class=\"op-period-time \">9:00 - 16:00<\/span><\/td>\n  <\/tr>\n    <tr class=\"op-row op-row-day \">\n    <th class=\"op-cell op-cell-heading\" scope=\"row\">Sobota<\/th>\n    <td class=\"op-cell op-cell-periods\"><span class=\"op-period-time \">9:00 - 11:00<\/span><\/td>\n  <\/tr>\n  <\/table>\n\n<\/div>\n<h3 style=\"text-align: center;\"><strong>Kontaktujte n\u00e1s<\/strong><\/h3>\n<hr \/>\n<p style=\"text-align: center;\"><strong>Kontaktn\u00ed informace<br \/>\n<\/strong>Adresa: Pivn\u00ed shop Kol\u00edn, U K\u0159i\u017eovatky 4 Kol\u00edn IV, 280 02 Kol\u00edn<br \/>\nTelefon: +420 728 253 757<br \/>\nE-mail: <a href=\"mailto:info@pivnishopkolin.cz\">info@pivnishopkolin.cz<\/a><\/p>\n<p style=\"text-align: center;\"><strong>\u00dadaje o provozovateli<br \/>\n<\/strong>Vladim\u00edr Ram\u0161\u00e1k,<br \/>\nNa Kope\u010dku 7<br \/>\nKol\u00edn &#8211; Sendra\u017eice<br \/>\nPS\u010c 280 02<br \/>\nI\u010c: 48655252<strong><br \/>\n<\/strong><\/p>\n","protected":false},"excerpt":{"rendered":"<p>O n\u00e1s A\u0165 u\u017e chcete nato\u010dit pivo do PET lahve, odn\u00e9st si lahvov\u00e9 pivo, nebo rad\u011bji holdujete konzumaci sudov\u00e9ho piva, na\u0161e pivo bude v\u017edy dokonal\u00e9. Vedle piva nab\u00edz\u00edme celou \u0159adu dopl\u0148kov\u00e9ho sortimentu \u2013 \u017eertovn\u00e9 p\u0159edm\u011bty, zna\u010dkov\u00e1 tri\u010dka p\u0159\u00edmo od pivovaru a kvalitn\u00ed v\u00edno R\u00e9va Rakvice. Pokud si u n\u00e1s objedn\u00e1te v\u00edce ne\u017e 3 sudy piva,&hellip; <a class=\"more-link\" href=\"http:\/\/pivnishopkolin.cz\/\">Pokra\u010dovat ve\u00a0\u010dten\u00ed <span class=\"screen-reader-text\">Hlavn\u00ed str\u00e1nka<\/span><\/a><\/p>\n","protected":false},"author":1,"featured_media":0,"parent":0,"menu_order":0,"comment_status":"closed","ping_status":"closed","template":"","meta":{"footnotes":""},"class_list":["post-8","page","type-page","status-publish","hentry","entry"],"_links":{"self":[{"href":"http:\/\/pivnishopkolin.cz\/index.php?rest_route=\/wp\/v2\/pages\/8","targetHints":{"allow":["GET"]}}],"collection":[{"href":"http:\/\/pivnishopkolin.cz\/index.php?rest_route=\/wp\/v2\/pages"}],"about":[{"href":"http:\/\/pivnishopkolin.cz\/index.php?rest_route=\/wp\/v2\/types\/page"}],"author":[{"embeddable":true,"href":"http:\/\/pivnishopkolin.cz\/index.php?rest_route=\/wp\/v2\/users\/1"}],"replies":[{"embeddable":true,"href":"http:\/\/pivnishopkolin.cz\/index.php?rest_route=%2Fwp%2Fv2%2Fcomments&post=8"}],"version-history":[{"count":51,"href":"http:\/\/pivnishopkolin.cz\/index.php?rest_route=\/wp\/v2\/pages\/8\/revisions"}],"predecessor-version":[{"id":589,"href":"http:\/\/pivnishopkolin.cz\/index.php?rest_route=\/wp\/v2\/pages\/8\/revisions\/589"}],"wp:attachment":[{"href":"http:\/\/pivnishopkolin.cz\/index.php?rest_route=%2Fwp%2Fv2%2Fmedia&parent=8"}],"curies":[{"name":"wp","href":"https:\/\/api.w.org\/{rel}","templated":true}]}}